{"id":4436,"date":"2017-05-05T15:22:08","date_gmt":"2017-05-05T12:22:08","guid":{"rendered":"https:\/\/selmanmakina.com\/hakkimizda\/"},"modified":"2022-10-12T02:14:49","modified_gmt":"2022-10-11T23:14:49","slug":"about-us","status":"publish","type":"page","link":"https:\/\/selmanmakina.com\/en\/about-us\/","title":{"rendered":"About us"},"content":{"rendered":"<p>[vc_row][vc_column css=&#8221;.vc_custom_1512407858131{padding-top: 12px !important;padding-bottom: 24px !important;}&#8221;][vc_row_inner][vc_column_inner width=&#8221;1\/2&#8243;]\n    <div class=\"\"\n         style=\"text-align:center;\">\n        <i class=\"flaticon-office mh-color-default\"\n           style=\"font-size:50px;\"><\/i>\n    <\/div>\n\n<div class=\" \">\n\t\n        <div class=\"mh-heading-wrapper\">\n            <h3            class=\"mh-heading  mh-heading--bottom-separator    vc_custom_1629355963497\"\n            style=\"font-weight:700;\">\n\t\t\tMisyonumuz        <\/h3>\n\n\t\t            <div class=\"mh-subheading \"\n                 style=\"\">\n\t\t\t\tB\u00f6lgesel bir g\u00fc\u00e7 olarak m\u00fc\u015fteri odakl\u0131 hizmet anlay\u0131\u015f\u0131 ve s\u00fcrekli geli\u015fim ile imalat sanayisinin ihtiyac\u0131 olan katma de\u011feri y\u00fcksek yeni \u00fcr\u00fcnleri; \u00e7al\u0131\u015fanlar\u0131, ortaklar\u0131, m\u00fc\u015fterileri ve sat\u0131c\u0131lar\u0131 ile b\u00fct\u00fcnle\u015fen \u201cMTE kurum k\u00fclt\u00fcr\u00fc\u201d i\u00e7inde geli\u015ftirir.            <\/div>\n\t\t    <\/div>\n\n\t<\/div>[\/vc_column_inner][vc_column_inner width=&#8221;1\/2&#8243;]\n    <div class=\"\"\n         style=\"text-align:center;\">\n        <i class=\"flaticon-technology mh-color-default\"\n           style=\"font-size:50px;\"><\/i>\n    <\/div>\n\n<div class=\" \">\n\t\n        <div class=\"mh-heading-wrapper\">\n            <h3            class=\"mh-heading  mh-heading--bottom-separator    vc_custom_1629356039896\"\n            style=\"font-weight:700;\">\n\t\t\tVizyonumuz        <\/h3>\n\n\t\t            <div class=\"mh-subheading \"\n                 style=\"\">\n\t\t\t\tSekt\u00f6r\u00fcndeki teknolojik yeniliklerin geli\u015ftiricisi ve takip\u00e7isi olarak T\u00fcrkiye ve b\u00f6lgesindeki s\u00fcrd\u00fcr\u00fclebilir lider \u00fcretici konumu ile yerel ve k\u00fcresel taleplere dinamik bir \u015fekilde cevap verebilen uluslar aras\u0131 bir marka haline gelmektir.            <\/div>\n\t\t    <\/div>\n\n\t<\/div>[\/vc_column_inner][\/vc_row_inner][vc_zigzag][\/vc_column][\/vc_row][vc_row full_width=&#8221;stretch_row_content_no_spaces&#8221; equal_height=&#8221;yes&#8221; content_placement=&#8221;middle&#8221; css=&#8221;.vc_custom_1496137208354{background-color: #f4f4f4 !important;}&#8221;][vc_column width=&#8221;1\/2&#8243; css=&#8221;.vc_custom_1629356247811{padding-top: 0px !important;background-image: url(https:\/\/selmanmakina.com\/wp-content\/uploads\/2021\/08\/Photo_6619149_DJI_13_jpg_4647722_0_2021610143428_photo_original-scaled.jpg?id=3933) !important;background-position: center !important;background-repeat: no-repeat !important;background-size: cover !important;}&#8221; el_class=&#8221;mh-2-col-image-bg&#8221;][\/vc_column][vc_column width=&#8221;1\/2&#8243; css=&#8221;.vc_custom_1496231457062{padding-top: 0px !important;}&#8221; el_class=&#8221;mh-2-col-text&#8221;]<div class=\"mh-heading-wrapper--left \">\n\t\n        <div class=\"mh-heading-wrapper\">\n            <h2            class=\"mh-heading  mh-heading--bottom-separator   \"\n            style=\"font-weight:700;\">\n\t\t\tHakk\u0131m\u0131zda        <\/h2>\n\n\t\t    <\/div>\n\n\t<\/div>[vc_column_text el_class=&#8221;mh-font-size-m&#8221;]<\/p>\n<p style=\"text-align: center;\"><strong>Selman Metal Makina Sanayi<\/strong><br \/>\n<strong>Yeni &amp; \u0130kinci El Makina Al\u0131m Sat\u0131m\u0131<\/strong><\/p>\n<p>Selman Makina Metal Sanayi olarak 1000 m2 kapal\u0131 alanda s\u00fcrekli m\u00fc\u015fterilerimizin ve yeni m\u00fc\u015fterilerimizin S\u0131f\u0131r ve \u0130kinci El t\u00fcm CNC &amp; Universal Tak\u0131m Tezgahlar\u0131, \u0130thalat Sat\u0131\u015f ve Servisi, Torna, Freze, Kaynak, Kompres\u00f6r, Pres, Eksantrik Pres, Abkant, Giyotin, Silindir, Matkap, Hizar ve bir \u00e7ok makina sekt\u00f6r\u00fcnde \u00fcr\u00fcn bar\u0131nd\u0131rmaktad\u0131r.[\/vc_column_text][\/vc_column][\/vc_row][vc_row][vc_column][vc_zigzag][\/vc_column][\/vc_row][vc_row full_width=&#8221;stretch_row_content_no_spaces&#8221; equal_height=&#8221;yes&#8221; content_placement=&#8221;middle&#8221; css=&#8221;.vc_custom_1496137208354{background-color: #f4f4f4 !important;}&#8221;][vc_column width=&#8221;1\/2&#8243; css=&#8221;.vc_custom_1629732765186{padding-top: 0px !important;background-position: center !important;background-repeat: no-repeat !important;background-size: cover !important;}&#8221; el_class=&#8221;mh-2-col-image-bg&#8221;]<div class=\" \">\n\t\n        <div class=\"mh-heading-wrapper\">\n            <h2            class=\"mh-heading  mh-heading--bottom-separator   \"\n            style=\"font-weight:700;\">\n\t\t\tSELMAN METAL MAK\u0130NA SANAY\u0130        <\/h2>\n\n\t\t            <div class=\"mh-subheading \"\n                 style=\"\">\n\t\t\t\tSekt\u00f6r\u00fcndeki teknolojik yeniliklerin geli\u015ftiricisi ve takip\u00e7isi olarak T\u00fcrkiye ve b\u00f6lgesindeki s\u00fcrd\u00fcr\u00fclebilir lider \u00fcretici konumu ile yerel ve k\u00fcresel taleplere dinamik bir \u015fekilde cevap verebilen uluslar aras\u0131 bir marka haline gelmektir.            <\/div>\n\t\t    <\/div>\n\n\t<\/div>[\/vc_column][vc_column width=&#8221;1\/2&#8243; css=&#8221;.vc_custom_1496231457062{padding-top: 0px !important;}&#8221; el_class=&#8221;mh-2-col-text&#8221;][vc_video link=&#8221;https:\/\/www.youtube.com\/watch?v=jnyApE4fh9c&#8221;][\/vc_column][\/vc_row]<\/p>\n","protected":false},"excerpt":{"rendered":"<p>[vc_row][vc_column css=&#8221;.vc_custom_1512407858131{padding-top: 12px !important;padding-bottom: 24px !important;}&#8221;][vc_row_inner][vc_column_inner width=&#8221;1\/2&#8243;][\/vc_column_inner][vc_column_inner width=&#8221;1\/2&#8243;][\/vc_column_inner][\/vc_row_inner][vc_zigzag][\/vc_column][\/vc_row][vc_row full_width=&#8221;stretch_row_content_no_spaces&#8221; equal_height=&#8221;yes&#8221; content_placement=&#8221;middle&#8221; css=&#8221;.vc_custom_1496137208354{background-color: #f4f4f4 !important;}&#8221;][vc_column width=&#8221;1\/2&#8243; css=&#8221;.vc_custom_1629356247811{padding-top: 0px !important;background-image: url(https:\/\/selmanmakina.com\/wp-content\/uploads\/2021\/08\/Photo_6619149_DJI_13_jpg_4647722_0_2021610143428_photo_original-scaled.jpg?id=3933) !important;background-position: center !important;background-repeat: no-repeat !important;background-size: cover !important;}&#8221; el_class=&#8221;mh-2-col-image-bg&#8221;][\/vc_column][vc_column width=&#8221;1\/2&#8243; css=&#8221;.vc_custom_1496231457062{padding-top: 0px !important;}&#8221; el_class=&#8221;mh-2-col-text&#8221;][vc_column_text el_class=&#8221;mh-font-size-m&#8221;] Selman Metal Makina Sanayi Yeni &amp; \u0130kinci El Makina Al\u0131m Sat\u0131m\u0131 Selman Makina Metal Sanayi olarak 1000 m2 kapal\u0131 alanda s\u00fcrekli m\u00fc\u015fterilerimizin [&hellip;]<\/p>\n","protected":false},"author":1,"featured_media":0,"parent":0,"menu_order":0,"comment_status":"closed","ping_status":"closed","template":"page_full-width-with-top-title.php","meta":{"footnotes":""},"_links":{"self":[{"href":"https:\/\/selmanmakina.com\/en\/wp-json\/wp\/v2\/pages\/4436"}],"collection":[{"href":"https:\/\/selmanmakina.com\/en\/wp-json\/wp\/v2\/pages"}],"about":[{"href":"https:\/\/selmanmakina.com\/en\/wp-json\/wp\/v2\/types\/page"}],"author":[{"embeddable":true,"href":"https:\/\/selmanmakina.com\/en\/wp-json\/wp\/v2\/users\/1"}],"replies":[{"embeddable":true,"href":"https:\/\/selmanmakina.com\/en\/wp-json\/wp\/v2\/comments?post=4436"}],"version-history":[{"count":8,"href":"https:\/\/selmanmakina.com\/en\/wp-json\/wp\/v2\/pages\/4436\/revisions"}],"predecessor-version":[{"id":5484,"href":"https:\/\/selmanmakina.com\/en\/wp-json\/wp\/v2\/pages\/4436\/revisions\/5484"}],"wp:attachment":[{"href":"https:\/\/selmanmakina.com\/en\/wp-json\/wp\/v2\/media?parent=4436"}],"curies":[{"name":"wp","href":"https:\/\/api.w.org\/{rel}","templated":true}]}}